{"id":326,"date":"2017-11-09T16:23:36","date_gmt":"2017-11-09T16:23:36","guid":{"rendered":"http:\/\/happyopinion.com\/index.php\/funcionamiento\/"},"modified":"2017-11-23T16:21:37","modified_gmt":"2017-11-23T16:21:37","slug":"funcionamiento","status":"publish","type":"page","link":"https:\/\/happyopinion.com\/index.php\/funcionamiento\/","title":{"rendered":"FUNCIONAMENT"},"content":{"rendered":"<p>[vc_row full_width=&#8221;stretch_row_content_no_spaces&#8221; css=&#8221;.vc_custom_1511369784279{margin-top: 0px !important;padding-top: 0px !important;background-color: #f2f1ef !important;}&#8221; el_class=&#8221;funcioHorizontal&#8221;][vc_column width=&#8221;2\/3&#8243; el_class=&#8221;proceso pasos&#8221;][vc_column_text el_class=&#8221;process&#8221;]<\/p>\n<h1 style=\"margin-bottom: 0px;\">Funcionament<\/h1>\n<h2 class=\"eczar\">del proc\u00e9s participatiu en 4 passos<\/h2>\n<p>[\/vc_column_text][vc_row_inner content_placement=&#8221;top&#8221;][vc_column_inner el_class=&#8221;iconnumber&#8221; width=&#8221;1\/6&#8243;]<div class=\"wpb_content_element\"><style type=\"text\/css\" scoped>#ut_bi_69d818eaca6ef .bklyn-big-icon { margin-bottom: 0px; }#ut_bi_69d818eaca6ef .bklyn-big-icon-round.bklyn-big-icon .fa, #ut_bi_69d818eaca6ef .bklyn-big-icon-square.bklyn-big-icon .fa { line-height: 40px;}#ut_bi_69d818eaca6ef .bklyn-big-icon img {max-height: 40px;} #ut_bi_69d818eaca6ef .bklyn-big-icon { height: 80px;line-height: 80px;width: 80px;font-size: 40px;}<\/style><div id=\"ut_bi_69d818eaca6ef\" class=\"bklyn-big-icon-wrap\"><a  class=\"bklyn-big-icon-link\" target=\"_self\" href=\"#\" ><div class=\"bklyn-big-icon bklyn-big-icon-round\"><div class=\"bklyn-big-icon-inner\"><img decoding=\"async\" alt=\"icon\" src=\"https:\/\/happyopinion.com\/wp-content\/uploads\/2017\/11\/number1.png\"><\/div><\/div><\/a><\/div><\/div>[\/vc_column_inner][vc_column_inner width=&#8221;5\/6&#8243;][vc_column_text css=&#8221;.vc_custom_1511453134416{margin-bottom: 0px !important;}&#8221;]<\/p>\n<p class=\"definition\">Es d\u00f3na d&#8217;alta l&#8217;adre\u00e7a des d&#8217;on es realitzar\u00e0 el proc\u00e9s participatiu.<br \/>\n<strong>Exemple:<\/strong> barcelona.happyopion.com<br \/>\n\u00c9s una direcci\u00f3 p\u00fablica, accessible per a tots els ciutadans tant per pc, com m\u00f2bil, que permet compartir en xarxes socials i linkar des del web pr\u00f2pia de l&#8217;ajuntament.<\/p>\n<p>[\/vc_column_text][\/vc_column_inner][\/vc_row_inner][vc_row_inner content_placement=&#8221;middle&#8221;][vc_column_inner el_class=&#8221;iconnumber&#8221; width=&#8221;1\/6&#8243;]<div class=\"wpb_content_element\"><style type=\"text\/css\" scoped>#ut_bi_69d818eacaa3e .bklyn-big-icon { margin-bottom: 0px; }#ut_bi_69d818eacaa3e .bklyn-big-icon-round.bklyn-big-icon .fa, #ut_bi_69d818eacaa3e .bklyn-big-icon-square.bklyn-big-icon .fa { line-height: 40px;}#ut_bi_69d818eacaa3e .bklyn-big-icon img {max-height: 40px;} #ut_bi_69d818eacaa3e .bklyn-big-icon { height: 80px;line-height: 80px;width: 80px;font-size: 40px;}<\/style><div id=\"ut_bi_69d818eacaa3e\" class=\"bklyn-big-icon-wrap\"><a  class=\"bklyn-big-icon-link\" target=\"_self\" href=\"#\" ><div class=\"bklyn-big-icon bklyn-big-icon-round\"><div class=\"bklyn-big-icon-inner\"><img decoding=\"async\" alt=\"icon\" src=\"https:\/\/happyopinion.com\/wp-content\/uploads\/2017\/11\/number2.png\"><\/div><\/div><\/a><\/div><\/div>[\/vc_column_inner][vc_column_inner width=&#8221;5\/6&#8243;][vc_column_text css=&#8221;.vc_custom_1511453273949{margin-bottom: 0px !important;}&#8221;]<\/p>\n<p class=\"definition\">S&#8217;introdueixen les <strong>propostes<\/strong> des de la part privada de la plataforma web de forma f\u00e0cil i r\u00e0pida.<\/p>\n<p>[\/vc_column_text][\/vc_column_inner][\/vc_row_inner][vc_row_inner content_placement=&#8221;middle&#8221;][vc_column_inner el_class=&#8221;iconnumber&#8221; width=&#8221;1\/6&#8243;]<div class=\"wpb_content_element\"><style type=\"text\/css\" scoped>#ut_bi_69d818eacaca4 .bklyn-big-icon { margin-bottom: 0px; }#ut_bi_69d818eacaca4 .bklyn-big-icon-round.bklyn-big-icon .fa, #ut_bi_69d818eacaca4 .bklyn-big-icon-square.bklyn-big-icon .fa { line-height: 40px;}#ut_bi_69d818eacaca4 .bklyn-big-icon img {max-height: 40px;} #ut_bi_69d818eacaca4 .bklyn-big-icon { height: 80px;line-height: 80px;width: 80px;font-size: 40px;}<\/style><div id=\"ut_bi_69d818eacaca4\" class=\"bklyn-big-icon-wrap\"><a  class=\"bklyn-big-icon-link\" target=\"_self\" href=\"#\" ><div class=\"bklyn-big-icon bklyn-big-icon-round\"><div class=\"bklyn-big-icon-inner\"><img decoding=\"async\" alt=\"icon\" src=\"https:\/\/happyopinion.com\/wp-content\/uploads\/2017\/11\/number3.png\"><\/div><\/div><\/a><\/div><\/div>[\/vc_column_inner][vc_column_inner width=&#8221;5\/6&#8243;][vc_column_text css=&#8221;.vc_custom_1511453295427{margin-bottom: 0px !important;}&#8221;]<\/p>\n<p class=\"definition\">S&#8217;indica les <strong>dates<\/strong> inici i fi del proc\u00e9s participatiu.<\/p>\n<p>[\/vc_column_text][\/vc_column_inner][\/vc_row_inner][vc_row_inner content_placement=&#8221;middle&#8221;][vc_column_inner el_class=&#8221;iconnumber&#8221; width=&#8221;1\/6&#8243;]<div class=\"wpb_content_element\"><style type=\"text\/css\" scoped>#ut_bi_69d818eacaed9 .bklyn-big-icon { margin-bottom: 0px; }#ut_bi_69d818eacaed9 .bklyn-big-icon-round.bklyn-big-icon .fa, #ut_bi_69d818eacaed9 .bklyn-big-icon-square.bklyn-big-icon .fa { line-height: 40px;}#ut_bi_69d818eacaed9 .bklyn-big-icon img {max-height: 40px;} #ut_bi_69d818eacaed9 .bklyn-big-icon { height: 80px;line-height: 80px;width: 80px;font-size: 40px;}<\/style><div id=\"ut_bi_69d818eacaed9\" class=\"bklyn-big-icon-wrap\"><a  class=\"bklyn-big-icon-link\" target=\"_self\" href=\"#\" ><div class=\"bklyn-big-icon bklyn-big-icon-round\"><div class=\"bklyn-big-icon-inner\"><img decoding=\"async\" alt=\"icon\" src=\"https:\/\/happyopinion.com\/wp-content\/uploads\/2017\/11\/number4.png\"><\/div><\/div><\/a><\/div><\/div>[\/vc_column_inner][vc_column_inner width=&#8221;5\/6&#8243;][vc_column_text css=&#8221;.vc_custom_1511453325283{margin-bottom: 0px !important;}&#8221;]<\/p>\n<p class=\"definition\">I es recull l&#8217;<strong>informe estad\u00edstic<\/strong> en finalitzar de forma autom\u00e0tica.<\/p>\n<p>[\/vc_column_text][\/vc_column_inner][\/vc_row_inner][\/vc_column][vc_column width=&#8221;1\/3&#8243;][vc_single_image image=&#8221;307&#8243; img_size=&#8221;full&#8221; alignment=&#8221;center&#8221; onclick=&#8221;zoom&#8221; css_animation=&#8221;none&#8221; el_class=&#8221;nomarginbottom&#8221;][\/vc_column][\/vc_row][vc_row full_width=&#8221;stretch_row_content_no_spaces&#8221; hide_on_desktop=&#8221;true&#8221; hide_on_mobile=&#8221;true&#8221; css=&#8221;.vc_custom_1511372111396{margin-top: 0px !important;padding-top: 0px !important;background-color: #f2f1ef !important;}&#8221; el_class=&#8221;funcioVertical&#8221;][vc_column el_class=&#8221;proceso pasos&#8221;][vc_column_text el_class=&#8221;process&#8221;]<\/p>\n<h1 style=\"margin-bottom: 0px;\">Funcionamiento<\/h1>\n<h2 class=\"eczar\">del proceso participativo en 4 pasos<\/h2>\n<p>[\/vc_column_text][vc_row_inner content_placement=&#8221;top&#8221;][vc_column_inner el_class=&#8221;iconnumber&#8221; width=&#8221;1\/6&#8243;]<div class=\"wpb_content_element\"><style type=\"text\/css\" scoped>#ut_bi_69d818eacaf50 .bklyn-big-icon { margin-bottom: 0px; }#ut_bi_69d818eacaf50 .bklyn-big-icon-round.bklyn-big-icon .fa, #ut_bi_69d818eacaf50 .bklyn-big-icon-square.bklyn-big-icon .fa { line-height: 40px;}#ut_bi_69d818eacaf50 .bklyn-big-icon img {max-height: 40px;} #ut_bi_69d818eacaf50 .bklyn-big-icon { height: 80px;line-height: 80px;width: 80px;font-size: 40px;}<\/style><div id=\"ut_bi_69d818eacaf50\" class=\"bklyn-big-icon-wrap\"><a  class=\"bklyn-big-icon-link\" target=\"_self\" href=\"#\" ><div class=\"bklyn-big-icon bklyn-big-icon-round\"><div class=\"bklyn-big-icon-inner\"><img decoding=\"async\" alt=\"icon\" src=\"https:\/\/happyopinion.com\/wp-content\/uploads\/2017\/11\/number1.png\"><\/div><\/div><\/a><\/div><\/div>[\/vc_column_inner][vc_column_inner width=&#8221;5\/6&#8243;][vc_column_text css=&#8221;.vc_custom_1511453392246{margin-bottom: 0px !important;}&#8221;]<\/p>\n<p class=\"definition\">Es d\u00f3na d&#8217;alta l&#8217;adre\u00e7a des d&#8217;on es realitzar\u00e0 el proc\u00e9s participatiu.<br \/>\n<strong>Exemple:<\/strong> barcelona.happyopion.com<br \/>\n\u00c9s una direcci\u00f3 p\u00fablica, accessible per a tots els ciutadans tant per pc, com m\u00f2bil, que permet compartir en xarxes socials i linkar des del web pr\u00f2pia de l&#8217;ajuntament.<\/p>\n<p>[\/vc_column_text][\/vc_column_inner][\/vc_row_inner][vc_row_inner content_placement=&#8221;middle&#8221;][vc_column_inner el_class=&#8221;iconnumber&#8221; width=&#8221;1\/6&#8243;]<div class=\"wpb_content_element\"><style type=\"text\/css\" scoped>#ut_bi_69d818eacafbd .bklyn-big-icon { margin-bottom: 0px; }#ut_bi_69d818eacafbd .bklyn-big-icon-round.bklyn-big-icon .fa, #ut_bi_69d818eacafbd .bklyn-big-icon-square.bklyn-big-icon .fa { line-height: 40px;}#ut_bi_69d818eacafbd .bklyn-big-icon img {max-height: 40px;} #ut_bi_69d818eacafbd .bklyn-big-icon { height: 80px;line-height: 80px;width: 80px;font-size: 40px;}<\/style><div id=\"ut_bi_69d818eacafbd\" class=\"bklyn-big-icon-wrap\"><a  class=\"bklyn-big-icon-link\" target=\"_self\" href=\"#\" ><div class=\"bklyn-big-icon bklyn-big-icon-round\"><div class=\"bklyn-big-icon-inner\"><img decoding=\"async\" alt=\"icon\" src=\"https:\/\/happyopinion.com\/wp-content\/uploads\/2017\/11\/number2.png\"><\/div><\/div><\/a><\/div><\/div>[\/vc_column_inner][vc_column_inner width=&#8221;5\/6&#8243;][vc_column_text css=&#8221;.vc_custom_1511453379206{margin-bottom: 0px !important;}&#8221;]<\/p>\n<p class=\"definition\">S&#8217;introdueixen les <strong>propostes<\/strong> des de la part privada de la plataforma web de forma f\u00e0cil i r\u00e0pida.<\/p>\n<p>[\/vc_column_text][\/vc_column_inner][\/vc_row_inner][vc_row_inner content_placement=&#8221;middle&#8221;][vc_column_inner el_class=&#8221;iconnumber&#8221; width=&#8221;1\/6&#8243;]<div class=\"wpb_content_element\"><style type=\"text\/css\" scoped>#ut_bi_69d818eacb00f .bklyn-big-icon { margin-bottom: 0px; }#ut_bi_69d818eacb00f .bklyn-big-icon-round.bklyn-big-icon .fa, #ut_bi_69d818eacb00f .bklyn-big-icon-square.bklyn-big-icon .fa { line-height: 40px;}#ut_bi_69d818eacb00f .bklyn-big-icon img {max-height: 40px;} #ut_bi_69d818eacb00f .bklyn-big-icon { height: 80px;line-height: 80px;width: 80px;font-size: 40px;}<\/style><div id=\"ut_bi_69d818eacb00f\" class=\"bklyn-big-icon-wrap\"><a  class=\"bklyn-big-icon-link\" target=\"_self\" href=\"#\" ><div class=\"bklyn-big-icon bklyn-big-icon-round\"><div class=\"bklyn-big-icon-inner\"><img decoding=\"async\" alt=\"icon\" src=\"https:\/\/happyopinion.com\/wp-content\/uploads\/2017\/11\/number3.png\"><\/div><\/div><\/a><\/div><\/div>[\/vc_column_inner][vc_column_inner width=&#8221;5\/6&#8243;][vc_column_text css=&#8221;.vc_custom_1511453367554{margin-bottom: 0px !important;}&#8221;]<\/p>\n<p class=\"definition\">S&#8217;indica les <strong>dates<\/strong> inici i fi del proc\u00e9s participatiu.<\/p>\n<p>[\/vc_column_text][\/vc_column_inner][\/vc_row_inner][vc_row_inner content_placement=&#8221;middle&#8221;][vc_column_inner el_class=&#8221;iconnumber&#8221; width=&#8221;1\/6&#8243;]<div class=\"wpb_content_element\"><style type=\"text\/css\" scoped>#ut_bi_69d818eacb05b .bklyn-big-icon { margin-bottom: 0px; }#ut_bi_69d818eacb05b .bklyn-big-icon-round.bklyn-big-icon .fa, #ut_bi_69d818eacb05b .bklyn-big-icon-square.bklyn-big-icon .fa { line-height: 40px;}#ut_bi_69d818eacb05b .bklyn-big-icon img {max-height: 40px;} #ut_bi_69d818eacb05b .bklyn-big-icon { height: 80px;line-height: 80px;width: 80px;font-size: 40px;}<\/style><div id=\"ut_bi_69d818eacb05b\" class=\"bklyn-big-icon-wrap\"><a  class=\"bklyn-big-icon-link\" target=\"_self\" href=\"#\" ><div class=\"bklyn-big-icon bklyn-big-icon-round\"><div class=\"bklyn-big-icon-inner\"><img decoding=\"async\" alt=\"icon\" src=\"https:\/\/happyopinion.com\/wp-content\/uploads\/2017\/11\/number4.png\"><\/div><\/div><\/a><\/div><\/div>[\/vc_column_inner][vc_column_inner width=&#8221;5\/6&#8243;][vc_column_text css=&#8221;.vc_custom_1511453352122{margin-bottom: 0px !important;}&#8221;]<\/p>\n<p class=\"definition\">I es recull l&#8217;<strong>informe estad\u00edstic<\/strong> en finalitzar de forma autom\u00e0tica.<\/p>\n<p>[\/vc_column_text][\/vc_column_inner][\/vc_row_inner][\/vc_column][\/vc_row][vc_row content_placement=&#8221;bottom&#8221; el_class=&#8221;process participativo ProHorizontal&#8221; css=&#8221;.vc_custom_1511369935111{padding-top: 50px !important;padding-bottom: 0px !important;}&#8221;][vc_column width=&#8221;1\/2&#8243;][vc_single_image image=&#8221;254&#8243; img_size=&#8221;full&#8221; alignment=&#8221;center&#8221; css_animation=&#8221;bottom-to-top&#8221; el_class=&#8221;nomarginbottom&#8221;][\/vc_column][vc_column width=&#8221;1\/2&#8243; css=&#8221;.vc_custom_1510851356673{padding-bottom: 50px !important;}&#8221;][vc_column_text]<\/p>\n<h2 class=\"eczar\"><strong>Proc\u00e9s<\/strong><br \/>\nparticipau telem\u00e0tic<\/h2>\n<p class=\"subtitul\">El proc\u00e9s participatiu amb Happyopinion \u00e9s un <strong>sistema f\u00e0cil, r\u00e0pid i modern<\/strong> tant per a l&#8217;usuari com per als organitzadors del proc\u00e9s.<\/p>\n<p>[\/vc_column_text][vc_row_inner][vc_column_inner width=&#8221;1\/2&#8243;][vc_column_text]Obtenir una adre\u00e7a pr\u00f2pia online ideal per comunicar i d&#8217;<strong>acc\u00e9s f\u00e0cil<\/strong> per al ciutad\u00e0.[\/vc_column_text][\/vc_column_inner][vc_column_inner width=&#8221;1\/2&#8243;][vc_column_text]Disposem de <strong>dispositius t\u00e0ctils<\/strong> in situ per potenciar l&#8217;actuaci\u00f3 i la imatge de l&#8217;ajuntament.[\/vc_column_text][\/vc_column_inner][\/vc_row_inner][vc_row_inner][vc_column_inner width=&#8221;1\/2&#8243;][vc_column_text]Acc\u00e9s a un <strong>panell privat<\/strong> (al n\u00favol), d&#8217;\u00e0gil configuraci\u00f3 on visualitzar\u00e0 els resultats a temps real.[\/vc_column_text][\/vc_column_inner][vc_column_inner width=&#8221;1\/2&#8243;][vc_column_text]Tot pensat per a una <strong>gesti\u00f3 professional<\/strong>, segura i dedicant el menys temps possible.[\/vc_column_text][\/vc_column_inner][\/vc_row_inner][\/vc_column][\/vc_row][vc_row content_placement=&#8221;bottom&#8221; hide_on_desktop=&#8221;true&#8221; hide_on_mobile=&#8221;true&#8221; el_class=&#8221;process participativo ProVertical&#8221; css=&#8221;.vc_custom_1511370015523{padding-top: 50px !important;padding-right: 50px !important;padding-bottom: 0px !important;padding-left: 50px !important;}&#8221;][vc_column][vc_column_text]<\/p>\n<h2 class=\"eczar\"><strong>Proc\u00e9s<\/strong><br \/>\nparticipau telem\u00e0tic<\/h2>\n<p class=\"subtitul\">El proc\u00e9s participatiu amb Happyopinion \u00e9s un <strong>sistema f\u00e0cil, r\u00e0pid i modern<\/strong> tant per a l&#8217;usuari com per als organitzadors del proc\u00e9s.<\/p>\n<p>[\/vc_column_text][vc_row_inner][vc_column_inner width=&#8221;1\/2&#8243;][vc_column_text]Obtenir una adre\u00e7a pr\u00f2pia online ideal per comunicar i d&#8217;<strong>acc\u00e9s f\u00e0cil<\/strong> per al ciutad\u00e0.[\/vc_column_text][\/vc_column_inner][vc_column_inner width=&#8221;1\/2&#8243;][vc_column_text]Disposem de <strong>dispositius t\u00e0ctils<\/strong> in situ per potenciar l&#8217;actuaci\u00f3 i la imatge de l&#8217;ajuntament.[\/vc_column_text][\/vc_column_inner][\/vc_row_inner][vc_row_inner][vc_column_inner width=&#8221;1\/2&#8243;][vc_column_text]Acc\u00e9s a un <strong>panell privat<\/strong> (al n\u00favol), d&#8217;\u00e0gil configuraci\u00f3 on visualitzar\u00e0 els resultats a temps real.[\/vc_column_text][\/vc_column_inner][vc_column_inner width=&#8221;1\/2&#8243;][vc_column_text]Tot pensat per a una <strong>gesti\u00f3 professional<\/strong>, segura i dedicant el menys temps possible.[\/vc_column_text][\/vc_column_inner][\/vc_row_inner][\/vc_column][\/vc_row]<\/p>\n","protected":false},"excerpt":{"rendered":"<p>[vc_row full_width=&#8221;stretch_row_content_no_spaces&#8221; css=&#8221;.vc_custom_1511369784279{margin-top: 0px !important;padding-top: 0px !important;background-color: #f2f1ef !important;}&#8221; el_class=&#8221;funcioHorizontal&#8221;][vc_column width=&#8221;2\/3&#8243; el_class=&#8221;proceso pasos&#8221;][vc_column_text el_class=&#8221;process&#8221;] Funcionament del proc\u00e9s participatiu en 4 passos [\/vc_column_text][vc_row_inner content_placement=&#8221;top&#8221;][vc_column_inner el_class=&#8221;iconnumber&#8221; width=&#8221;1\/6&#8243;][\/vc_column_inner][vc_column_inner width=&#8221;5\/6&#8243;][vc_column_text css=&#8221;.vc_custom_1511453134416{margin-bottom: 0px !important;}&#8221;] Es d\u00f3na d&#8217;alta l&#8217;adre\u00e7a des d&#8217;on es realitzar\u00e0 el proc\u00e9s participatiu. Exemple: barcelona.happyopion.com \u00c9s una direcci\u00f3 p\u00fablica, accessible per a tots els ciutadans tant per pc, [&hellip;]<\/p>\n","protected":false},"author":2,"featured_media":0,"parent":0,"menu_order":0,"comment_status":"closed","ping_status":"closed","template":"","meta":{"footnotes":""},"_links":{"self":[{"href":"https:\/\/happyopinion.com\/index.php\/wp-json\/wp\/v2\/pages\/326"}],"collection":[{"href":"https:\/\/happyopinion.com\/index.php\/wp-json\/wp\/v2\/pages"}],"about":[{"href":"https:\/\/happyopinion.com\/index.php\/wp-json\/wp\/v2\/types\/page"}],"author":[{"embeddable":true,"href":"https:\/\/happyopinion.com\/index.php\/wp-json\/wp\/v2\/users\/2"}],"replies":[{"embeddable":true,"href":"https:\/\/happyopinion.com\/index.php\/wp-json\/wp\/v2\/comments?post=326"}],"version-history":[{"count":2,"href":"https:\/\/happyopinion.com\/index.php\/wp-json\/wp\/v2\/pages\/326\/revisions"}],"predecessor-version":[{"id":328,"href":"https:\/\/happyopinion.com\/index.php\/wp-json\/wp\/v2\/pages\/326\/revisions\/328"}],"wp:attachment":[{"href":"https:\/\/happyopinion.com\/index.php\/wp-json\/wp\/v2\/media?parent=326"}],"curies":[{"name":"wp","href":"https:\/\/api.w.org\/{rel}","templated":true}]}}