{"id":322,"date":"2017-11-09T15:27:12","date_gmt":"2017-11-09T15:27:12","guid":{"rendered":"http:\/\/happyopinion.com\/index.php\/participacion\/"},"modified":"2017-11-23T17:50:09","modified_gmt":"2017-11-23T17:50:09","slug":"participacion","status":"publish","type":"page","link":"https:\/\/happyopinion.com\/index.php\/participacion\/","title":{"rendered":"PARTICIPACI\u00d3"},"content":{"rendered":"<p>[vc_row el_class=&#8221;spaceright&#8221; css=&#8221;.vc_custom_1510071897472{padding-bottom: 60px !important;}&#8221;][vc_column][vc_column_text]<\/p>\n<h1>Vot electr\u00f2nic en processos de consulta i <strong>participaci\u00f3 ciutadana<\/strong><\/h1>\n<p>[\/vc_column_text][vc_column_text]Happyopinion permet avaluar la <strong>gesti\u00f3 municipal<\/strong> de manera senzilla i gr\u00e0fica. El sistema inclou la possibilitat de realitzar enquestes per obtenir la percepci\u00f3 ciutadana sobre la gesti\u00f3 municipal, els serveis municipals i els processos de participaci\u00f3 ciutadana, mitjan\u00e7ant votacions telem\u00e0tiques i presencials.[\/vc_column_text][vc_btn title=&#8221;FUNCIONAMENT&#8221; style=&#8221;outline&#8221; shape=&#8221;square&#8221; color=&#8221;danger&#8221; size=&#8221;lg&#8221; link=&#8221;url:http%3A%2F%2Fhappyopinion.com%2Findex.php%2Ffuncionamiento%2F|||&#8221;][\/vc_column][\/vc_row][vc_row css=&#8221;.vc_custom_1511369232740{background-color: #ecebe7 !important;}&#8221; el_class=&#8221;participacion partiHorizontal&#8221;][vc_column width=&#8221;2\/3&#8243;][vc_single_image image=&#8221;337&#8243; img_size=&#8221;full&#8221; alignment=&#8221;center&#8221; css_animation=&#8221;zoomIn&#8221; el_class=&#8221;graf&#8221;][\/vc_column][vc_column width=&#8221;1\/3&#8243; el_class=&#8221;funcionamiento-column&#8221;][vc_column_text]<\/p>\n<h2>Funcionament<\/h2>\n<p>[\/vc_column_text][vc_column_text]<\/p>\n<h4>Registre cens<\/h4>\n<p class=\"little\">Per efectuar el vot virtual \u00e9s necessari disposar del correu electr\u00f2nic o del tel\u00e8fon m\u00f2bil del votant \/ ciutad\u00e0.<\/p>\n<p>[\/vc_column_text][vc_column_text]<\/p>\n<h4>Consultes i votacions on-line i presencials<\/h4>\n<p class=\"little\">La plataforma permet la celebraci\u00f3 de votacions amb infinitat de tipologies de preguntes \/ respostes.<\/p>\n<p>[\/vc_column_text][vc_column_text]<\/p>\n<h4 style=\"color: #e0322f;\">Resultats i estad\u00edstiques a temps real<\/h4>\n<p class=\"little\" style=\"color: #e0322f;\">Els resultats poden presentar-se en temps real, amb format gr\u00e0fic molt visual.<\/p>\n<p>[\/vc_column_text][\/vc_column][\/vc_row][vc_row hide_on_desktop=&#8221;true&#8221; hide_on_mobile=&#8221;true&#8221; css=&#8221;.vc_custom_1511369399691{padding-right: 45px !important;padding-left: 45px !important;background-color: #ecebe7 !important;}&#8221; el_class=&#8221;participacion partiVertical&#8221;][vc_column][vc_single_image image=&#8221;337&#8243; img_size=&#8221;full&#8221; alignment=&#8221;center&#8221; css_animation=&#8221;zoomIn&#8221; el_class=&#8221;graf&#8221;][vc_column_text]<\/p>\n<h2>Funcionament<\/h2>\n<p>[\/vc_column_text][vc_row_inner][vc_column_inner width=&#8221;1\/3&#8243;][vc_column_text]<\/p>\n<h4>Registre cens<\/h4>\n<p class=\"little\">Per efectuar el vot virtual \u00e9s necessari disposar del correu electr\u00f2nic o del tel\u00e8fon m\u00f2bil del votant \/ ciutad\u00e0.<\/p>\n<p>[\/vc_column_text][\/vc_column_inner][vc_column_inner width=&#8221;1\/3&#8243;][vc_column_text]<\/p>\n<h4>Consultes i votacions on-line i presencials<\/h4>\n<p class=\"little\">La plataforma permet la celebraci\u00f3 de votacions amb infinitat de tipologies de preguntes \/ respostes.<\/p>\n<p>[\/vc_column_text][\/vc_column_inner][vc_column_inner width=&#8221;1\/3&#8243;][vc_column_text]<\/p>\n<h4 style=\"color: #e0322f;\">Resultats i estad\u00edstiques a temps real<\/h4>\n<p class=\"little\" style=\"color: #e0322f;\">Els resultats poden presentar-se en temps real, amb format gr\u00e0fic molt visual.<\/p>\n<p>[\/vc_column_text][\/vc_column_inner][\/vc_row_inner][\/vc_column][\/vc_row][vc_row full_width=&#8221;stretch_row_content_no_spaces&#8221;][vc_column width=&#8221;2\/3&#8243; el_class=&#8221;beneficios&#8221;][vc_column_text]<\/p>\n<h2>Seguretat<\/h2>\n<p>[\/vc_column_text][vc_row_inner][vc_column_inner el_class=&#8221;beneficios2&#8243; width=&#8221;1\/2&#8243;][vc_column_text]<\/p>\n<h4>Encriptaci\u00f3 de dades i anonimat del ciutad\u00e0 \/ votant:<\/h4>\n<p class=\"little\">Happyopinion disposa del sistema m\u00e9s avan\u00e7at de seguretat i encriptaci\u00f3 de dades. Amb la validaci\u00f3 del votant mitjan\u00e7ant correu electr\u00f2nic i sms.<\/p>\n<p>[\/vc_column_text][\/vc_column_inner][vc_column_inner el_class=&#8221;beneficios2&#8243; width=&#8221;1\/2&#8243;][vc_column_text]<\/p>\n<h4>Aspectes legals:<\/h4>\n<p class=\"little\">La plataforma reuneix tots els requisits legals que obliga la LOPD, la Llei de Consultes Populars, i la LSSI.<\/p>\n<p>[\/vc_column_text][\/vc_column_inner][\/vc_row_inner][\/vc_column][vc_column width=&#8221;1\/3&#8243;][vc_single_image image=&#8221;137&#8243; img_size=&#8221;full&#8221; alignment=&#8221;center&#8221; onclick=&#8221;zoom&#8221; css_animation=&#8221;none&#8221; el_class=&#8221;nomarginbottom rightfoto&#8221;][\/vc_column][\/vc_row]<\/p>\n","protected":false},"excerpt":{"rendered":"<p>[vc_row el_class=&#8221;spaceright&#8221; css=&#8221;.vc_custom_1510071897472{padding-bottom: 60px !important;}&#8221;][vc_column][vc_column_text] Vot electr\u00f2nic en processos de consulta i participaci\u00f3 ciutadana [\/vc_column_text][vc_column_text]Happyopinion permet avaluar la gesti\u00f3 municipal de manera senzilla i gr\u00e0fica. El sistema inclou la possibilitat de realitzar enquestes per obtenir la percepci\u00f3 ciutadana sobre la gesti\u00f3 municipal, els serveis municipals i els processos de participaci\u00f3 ciutadana, mitjan\u00e7ant votacions telem\u00e0tiques i [&hellip;]<\/p>\n","protected":false},"author":2,"featured_media":0,"parent":0,"menu_order":0,"comment_status":"closed","ping_status":"closed","template":"","meta":{"footnotes":""},"_links":{"self":[{"href":"https:\/\/happyopinion.com\/index.php\/wp-json\/wp\/v2\/pages\/322"}],"collection":[{"href":"https:\/\/happyopinion.com\/index.php\/wp-json\/wp\/v2\/pages"}],"about":[{"href":"https:\/\/happyopinion.com\/index.php\/wp-json\/wp\/v2\/types\/page"}],"author":[{"embeddable":true,"href":"https:\/\/happyopinion.com\/index.php\/wp-json\/wp\/v2\/users\/2"}],"replies":[{"embeddable":true,"href":"https:\/\/happyopinion.com\/index.php\/wp-json\/wp\/v2\/comments?post=322"}],"version-history":[{"count":4,"href":"https:\/\/happyopinion.com\/index.php\/wp-json\/wp\/v2\/pages\/322\/revisions"}],"predecessor-version":[{"id":338,"href":"https:\/\/happyopinion.com\/index.php\/wp-json\/wp\/v2\/pages\/322\/revisions\/338"}],"wp:attachment":[{"href":"https:\/\/happyopinion.com\/index.php\/wp-json\/wp\/v2\/media?parent=322"}],"curies":[{"name":"wp","href":"https:\/\/api.w.org\/{rel}","templated":true}]}}