{"id":317,"date":"2017-11-03T12:07:19","date_gmt":"2017-11-03T12:07:19","guid":{"rendered":"http:\/\/happyopinion.com\/index.php\/home1\/"},"modified":"2017-11-23T15:21:23","modified_gmt":"2017-11-23T15:21:23","slug":"inicio","status":"publish","type":"page","link":"https:\/\/happyopinion.com\/","title":{"rendered":"HOME"},"content":{"rendered":"<p>[vc_row el_class=&#8221;spaceright&#8221; css=&#8221;.vc_custom_1510071897472{padding-bottom: 60px !important;}&#8221;][vc_column][vc_column_text]<\/p>\n<h1>Aplicaci\u00f3 online de <strong>participaci\u00f3 ciutadana<\/strong><\/h1>\n<p>[\/vc_column_text][vc_column_text]HappyOpinion permet avaluar la <strong>gesti\u00f3 municipal<\/strong> o qualsevol \u00e0mbit municipal de forma senzilla i gr\u00e0fica. El m\u00f2dul inclou l&#8217;opci\u00f3 de <strong>realitzar enquestes<\/strong> amb la qual poder obtenir l&#8217;<strong>opini\u00f3 ciutadana<\/strong> sobre la gesti\u00f3 del municipi, sobre pressupostos participatius, o sobre qualsevol aspecte que es desitgi, mitjan\u00e7ant el vot telem\u00e0tic i presencial.[\/vc_column_text][vc_btn title=&#8221;PARTICIPACI\u00d3&#8221; style=&#8221;outline&#8221; shape=&#8221;square&#8221; color=&#8221;danger&#8221; size=&#8221;lg&#8221; link=&#8221;url:http%3A%2F%2Fhappyopinion.com%2Findex.php%2Fparticipacion%2F|||&#8221;][\/vc_column][\/vc_row][vc_row full_width=&#8221;stretch_row_content_no_spaces&#8221; equal_height=&#8221;yes&#8221; el_class=&#8221;whitetext blocsred&#8221;][vc_column width=&#8221;1\/3&#8243; css=&#8221;.vc_custom_1510068589304{padding-top: 1em !important;padding-right: 1em !important;padding-left: 1em !important;background-color: #e62c33 !important;}&#8221;][vc_column_text]<\/p>\n<h3 style=\"text-align: center;\">Avaluaci\u00f3<\/h3>\n<p style=\"text-align: center;\">En quines \u00e0rees concretes puc <strong>millorar<\/strong> la gesti\u00f3 municipal?<\/p>\n<p>[\/vc_column_text][vc_single_image image=&#8221;71&#8243; img_size=&#8221;full&#8221; alignment=&#8221;center&#8221; css_animation=&#8221;fadeInUp&#8221; el_class=&#8221;nomarginbottom&#8221;][\/vc_column][vc_column width=&#8221;1\/3&#8243; css=&#8221;.vc_custom_1510067705132{background-color: #f62f35 !important;}&#8221;][vc_column_text]<\/p>\n<h3 style=\"text-align: center;\">Participaci\u00f3<\/h3>\n<p style=\"text-align: center;\">Qu\u00e8 <strong>opinen<\/strong> els ciutadans i quins s\u00f3n els seus suggeriments?<\/p>\n<p>[\/vc_column_text][vc_single_image image=&#8221;72&#8243; img_size=&#8221;full&#8221; alignment=&#8221;center&#8221; css_animation=&#8221;fadeInUp&#8221; el_class=&#8221;nomarginbottom&#8221;][\/vc_column][vc_column width=&#8221;1\/3&#8243; css=&#8221;.vc_custom_1510067726169{background-color: #cc272d !important;}&#8221;][vc_column_text]<\/p>\n<h3 style=\"text-align: center;\">Transpar\u00e8ncia<\/h3>\n<p style=\"text-align: center;\">Com puc posar la informaci\u00f3 a disposici\u00f3 dels ciutadans?<\/p>\n<p>[\/vc_column_text][vc_single_image image=&#8221;55&#8243; img_size=&#8221;full&#8221; alignment=&#8221;center&#8221; css_animation=&#8221;fadeInUp&#8221; el_class=&#8221;nomarginbottom&#8221;][\/vc_column][\/vc_row][vc_row full_width=&#8221;stretch_row_content_no_spaces&#8221;][vc_column width=&#8221;2\/3&#8243; el_class=&#8221;beneficios&#8221;][vc_column_text]<\/p>\n<h2>Beneficis<\/h2>\n<p>[\/vc_column_text][vc_row_inner][vc_column_inner el_class=&#8221;beneficios2&#8243; width=&#8221;1\/2&#8243;][vc_column_text]<\/p>\n<h4>Diagn\u00f2stic<\/h4>\n<p class=\"little\">Comptar amb un diagn\u00f2stic r\u00e0pid i senzill sobre la qualitat de la pol\u00edtiques municipals.<\/p>\n<p>[\/vc_column_text][\/vc_column_inner][vc_column_inner el_class=&#8221;beneficios2&#8243; width=&#8221;1\/2&#8243;][vc_column_text]<\/p>\n<h4>Avaluaci\u00f3<\/h4>\n<p class=\"little\">Con\u00e8ixer la percepci\u00f3 ciutadana en els seus diferents \u00e0mbits i serveis.<\/p>\n<p>[\/vc_column_text][\/vc_column_inner][\/vc_row_inner][vc_row_inner][vc_column_inner el_class=&#8221;beneficios2&#8243; width=&#8221;1\/2&#8243;][vc_column_text]<\/p>\n<h4>Participaci\u00f3<\/h4>\n<p class=\"little\">Afavorir la participaci\u00f3 ciutadana i activar pressupostos participatius.<\/p>\n<p>[\/vc_column_text][\/vc_column_inner][vc_column_inner el_class=&#8221;beneficios2&#8243; width=&#8221;1\/2&#8243;][vc_column_text]<\/p>\n<h4>Imatge<\/h4>\n<p class=\"little\">Obtenir reputaci\u00f3 com a municipi transparent, i impulsor de les TYC en l&#8217;\u00e0mbit municipal, potenciant la imatge Smart City.<\/p>\n<p>[\/vc_column_text][\/vc_column_inner][\/vc_row_inner][\/vc_column][vc_column width=&#8221;1\/3&#8243;][vc_single_image image=&#8221;67&#8243; img_size=&#8221;full&#8221; alignment=&#8221;center&#8221; onclick=&#8221;zoom&#8221; css_animation=&#8221;none&#8221; el_class=&#8221;nomarginbottom&#8221;][\/vc_column][\/vc_row][vc_row css=&#8221;.vc_custom_1510072629641{padding-top: 50px !important;background-color: #ededeb !important;}&#8221;][vc_column width=&#8221;1\/2&#8243; offset=&#8221;vc_hidden-xs&#8221;][vc_single_image image=&#8221;244&#8243; img_size=&#8221;full&#8221; alignment=&#8221;center&#8221; css_animation=&#8221;fadeInUp&#8221; el_class=&#8221;nomarginbottom&#8221;][\/vc_column][vc_column width=&#8221;1\/2&#8243; css=&#8221;.vc_custom_1510073251515{padding-top: 50px !important;}&#8221; el_class=&#8221;estadisticas&#8221;][vc_column_text]<\/p>\n<h2>Estad\u00edstiques<\/h2>\n<p>[\/vc_column_text]<div class=\"wpb_content_element  vc_custom_1511449907168\"><style class=\"bklyn-inline-styles\" type=\"text\/css\" scoped>#ut_fl_69d805fb8f355.bklyn-fancy-list { text-align: left; }#ut_fl_69d805fb8f355 .fa { color: #e62c33; }#ut_fl_69d805fb8f355 a .fa { color: #e62c33; }#ut_fl_69d805fb8f355 a:visited .fa { color: #e62c33; }#ut_fl_69d805fb8f355 ul { list-style-type: none; }<\/style><div id=\"ut_fl_69d805fb8f355\" class=\"bklyn-fancy-list\"><ul class=\" bklyn-list bklyn-list-style-none\"><li><i class=\" fa fa-long-arrow-right\"><\/i>Con\u00e8ixer la percepci\u00f3 i votaci\u00f3 ciutadana de forma r\u00e0pida, segura i transparent. <\/li><li><i class=\" fa fa-long-arrow-right\"><\/i>Generaci\u00f3 de resultats estad\u00edstics, a temps real, de forma gr\u00e0fica i exportable a pdf.<\/a><\/li><\/ul><\/div><\/div>[\/vc_column][\/vc_row]<\/p>\n","protected":false},"excerpt":{"rendered":"<p>[vc_row el_class=&#8221;spaceright&#8221; css=&#8221;.vc_custom_1510071897472{padding-bottom: 60px !important;}&#8221;][vc_column][vc_column_text] Aplicaci\u00f3 online de participaci\u00f3 ciutadana [\/vc_column_text][vc_column_text]HappyOpinion permet avaluar la gesti\u00f3 municipal o qualsevol \u00e0mbit municipal de forma senzilla i gr\u00e0fica. El m\u00f2dul inclou l&#8217;opci\u00f3 de realitzar enquestes amb la qual poder obtenir l&#8217;opini\u00f3 ciutadana sobre la gesti\u00f3 del municipi, sobre pressupostos participatius, o sobre qualsevol aspecte que es desitgi, mitjan\u00e7ant [&hellip;]<\/p>\n","protected":false},"author":2,"featured_media":0,"parent":0,"menu_order":0,"comment_status":"closed","ping_status":"closed","template":"","meta":{"footnotes":""},"_links":{"self":[{"href":"https:\/\/happyopinion.com\/index.php\/wp-json\/wp\/v2\/pages\/317"}],"collection":[{"href":"https:\/\/happyopinion.com\/index.php\/wp-json\/wp\/v2\/pages"}],"about":[{"href":"https:\/\/happyopinion.com\/index.php\/wp-json\/wp\/v2\/types\/page"}],"author":[{"embeddable":true,"href":"https:\/\/happyopinion.com\/index.php\/wp-json\/wp\/v2\/users\/2"}],"replies":[{"embeddable":true,"href":"https:\/\/happyopinion.com\/index.php\/wp-json\/wp\/v2\/comments?post=317"}],"version-history":[{"count":4,"href":"https:\/\/happyopinion.com\/index.php\/wp-json\/wp\/v2\/pages\/317\/revisions"}],"predecessor-version":[{"id":321,"href":"https:\/\/happyopinion.com\/index.php\/wp-json\/wp\/v2\/pages\/317\/revisions\/321"}],"wp:attachment":[{"href":"https:\/\/happyopinion.com\/index.php\/wp-json\/wp\/v2\/media?parent=317"}],"curies":[{"name":"wp","href":"https:\/\/api.w.org\/{rel}","templated":true}]}}